{"id":3854,"date":"2021-08-23T18:46:20","date_gmt":"2021-08-23T18:46:20","guid":{"rendered":"https:\/\/fixseryalitim.com\/kat-arasi-izolasyon-sapi\/"},"modified":"2024-08-26T16:30:45","modified_gmt":"2024-08-26T16:30:45","slug":"kat-arasi-izolasyon-sapi","status":"publish","type":"page","link":"https:\/\/fixseryalitim.com\/en\/kat-arasi-izolasyon-sapi\/","title":{"rendered":"Kat aras\u0131 \u0130zolasyon \u015eap\u0131"},"content":{"rendered":"","protected":false},"excerpt":{"rendered":"","protected":false},"author":1,"featured_media":0,"parent":0,"menu_order":0,"comment_status":"closed","ping_status":"closed","template":"","meta":{"footnotes":""},"class_list":["post-3854","page","type-page","status-publish","hentry"],"_links":{"self":[{"href":"https:\/\/fixseryalitim.com\/en\/wp-json\/wp\/v2\/pages\/3854","targetHints":{"allow":["GET"]}}],"collection":[{"href":"https:\/\/fixseryalitim.com\/en\/wp-json\/wp\/v2\/pages"}],"about":[{"href":"https:\/\/fixseryalitim.com\/en\/wp-json\/wp\/v2\/types\/page"}],"author":[{"embeddable":true,"href":"https:\/\/fixseryalitim.com\/en\/wp-json\/wp\/v2\/users\/1"}],"replies":[{"embeddable":true,"href":"https:\/\/fixseryalitim.com\/en\/wp-json\/wp\/v2\/comments?post=3854"}],"version-history":[{"count":1,"href":"https:\/\/fixseryalitim.com\/en\/wp-json\/wp\/v2\/pages\/3854\/revisions"}],"predecessor-version":[{"id":3855,"href":"https:\/\/fixseryalitim.com\/en\/wp-json\/wp\/v2\/pages\/3854\/revisions\/3855"}],"wp:attachment":[{"href":"https:\/\/fixseryalitim.com\/en\/wp-json\/wp\/v2\/media?parent=3854"}],"curies":[{"name":"wp","href":"https:\/\/api.w.org\/{rel}","templated":true}]}}